{"id":3,"date":"2023-08-07T12:41:01","date_gmt":"2023-08-07T12:41:01","guid":{"rendered":"https:\/\/dentalcliniclab.ro\/?page_id=3"},"modified":"2023-09-04T08:22:09","modified_gmt":"2023-09-04T08:22:09","slug":"privacy-policy","status":"publish","type":"page","link":"https:\/\/dentalcliniclab.ro\/en\/privacy-policy\/","title":{"rendered":"PRIVACY POLICY REGARDING THE PROCESSING OF PERSONAL DATA"},"content":{"rendered":"<div data-elementor-type=\"wp-page\" data-elementor-id=\"3\" class=\"elementor elementor-3\">\n\t\t\t\t\t\t<section class=\"elementor-section elementor-top-section elementor-element elementor-element-288557f elementor-section-boxed elementor-section-height-default elementor-section-height-default exad-glass-effect-no exad-sticky-section-no\" data-id=\"288557f\" data-element_type=\"section\" data-settings=\"{&quot;ekit_has_onepagescroll_dot&quot;:&quot;yes&quot;}\">\n\t\t\t\t\t\t<div class=\"elementor-container elementor-column-gap-default\">\n\t\t\t\t\t<div class=\"elementor-column elementor-col-100 elementor-top-column elementor-element elementor-element-ff2e4fb exad-glass-effect-no exad-sticky-section-no\" data-id=\"ff2e4fb\" data-element_type=\"column\">\n\t\t\t<div class=\"elementor-widget-wrap elementor-element-populated\">\n\t\t\t\t\t\t<div class=\"elementor-element elementor-element-26d0ea4 exad-sticky-section-no exad-glass-effect-no elementor-widget elementor-widget-heading\" data-id=\"26d0ea4\" data-element_type=\"widget\" data-settings=\"{&quot;ekit_we_effect_on&quot;:&quot;none&quot;}\" data-widget_type=\"heading.default\">\n\t\t\t\t<div class=\"elementor-widget-container\">\n\t\t\t\t\t<h1 class=\"elementor-heading-title elementor-size-default\">PRIVACY POLICY REGARDING THE PROCESSING OF PERSONAL DATA<\/h1>\t\t\t\t<\/div>\n\t\t\t\t<\/div>\n\t\t\t\t\t<\/div>\n\t\t<\/div>\n\t\t\t\t\t<\/div>\n\t\t<\/section>\n\t\t\t\t<section class=\"elementor-section elementor-top-section elementor-element elementor-element-4810b1d elementor-section-boxed elementor-section-height-default elementor-section-height-default exad-glass-effect-no exad-sticky-section-no\" data-id=\"4810b1d\" data-element_type=\"section\" data-settings=\"{&quot;ekit_has_onepagescroll_dot&quot;:&quot;yes&quot;}\">\n\t\t\t\t\t\t<div class=\"elementor-container elementor-column-gap-default\">\n\t\t\t\t\t<div class=\"elementor-column elementor-col-100 elementor-top-column elementor-element elementor-element-d6c14ea exad-glass-effect-no exad-sticky-section-no\" data-id=\"d6c14ea\" data-element_type=\"column\">\n\t\t\t<div class=\"elementor-widget-wrap elementor-element-populated\">\n\t\t\t\t\t\t<div class=\"elementor-element elementor-element-00333e4 elementor-widget__width-initial exad-sticky-section-no exad-glass-effect-no elementor-widget elementor-widget-text-editor\" data-id=\"00333e4\" data-element_type=\"widget\" data-settings=\"{&quot;ekit_we_effect_on&quot;:&quot;none&quot;}\" data-widget_type=\"text-editor.default\">\n\t\t\t\t<div class=\"elementor-widget-container\">\n\t\t\t\t\t\t\t\t\t<p><strong>1. General conditions<\/strong><\/p><p>\u00a0 \u00a0 \u00a01. This Policy establishes the procedure for the processing and protection of the Company: Dental Clinic &amp; Laboratory SRL (hereinafter - Dental Clinic Lab) of information about the natural person (hereinafter \"User\") that can be obtained by Dental Clinic Lab when The user uses services \/ goods through the website, services, programs used by him.<\/p><p>\u00a0 \u00a0 \u00a02. The purpose of this Policy is to ensure the protection of personal information that the user provides in connection with the use of the site, the services or during the registration process and the purchase of goods \/ services.<\/p><p><span style=\"word-spacing: var( --e-global-typography-text-word-spacing );\">\u00a0<\/span><span style=\"word-spacing: var( --e-global-typography-text-word-spacing );\">\u00a0 \u00a0 <\/span>3. The collection, storage, distribution and protection of information provided by the User are protected by this Policy, by other official documents of Dental Clinic Lab and by the current legislation of Romania. Dental Clinic Lab is entitled to store, on any kind of support, the collected personal data.<\/p><p>\u00a0 \u00a0 \u00a04. By registering on the Site and using the Site and Services, the User expresses his agreement with the terms of this Policy. By registering on the site and selecting the appropriate options, the user agrees to receive advertising and \/ or informational correspondence via SMS messages, e-mail messages or phone calls. Any operation or set of operations on personal data, is carried out by automatic or non-automatic means, such as collection, registration, organization, storage, adaptation or modification, extraction, consultation, communication to third parties by transmission, dissemination or in any other mode, joining or combining, blocking, erasing or destroying them.\u00a0 \u00a0 \u00a0 \u00a0 \u00a0<\/p><p>\u00a0 \u00a0 5. Consent regarding the processing of personal data may be withdrawn at any time by the subject of the personal data. Withdrawal of consent cannot have retroactive effect.\u00a0 \u00a0 \u00a0 \u00a0 \u00a0<\/p><p>\u00a0 \u00a0 6. In case of disagreement of the User in receiving information from Dental Clinic Lab, the User can unsubscribe from correspondence:<\/p><p><img decoding=\"async\" class=\"emoji\" role=\"img\" draggable=\"false\" src=\"https:\/\/s.w.org\/images\/core\/emoji\/14.0.0\/svg\/25aa.svg\" alt=\"\u25aa\" \/> f\u0103c\u00e2nd clic pe Dezabonare din partea de jos a mesajului,<br \/><img decoding=\"async\" class=\"emoji\" role=\"img\" draggable=\"false\" src=\"https:\/\/s.w.org\/images\/core\/emoji\/14.0.0\/svg\/25aa.svg\" alt=\"\u25aa\" \/> in the website's personal account, by removing previously selected options;<br \/><img decoding=\"async\" class=\"emoji\" role=\"img\" draggable=\"false\" src=\"https:\/\/s.w.org\/images\/core\/emoji\/14.0.0\/svg\/25aa.svg\" alt=\"\u25aa\" \/>\u00a0by sending a notification by e-mail to info@dentalcliniclab.ro or by calling our call center +40758888500\u00a0 \u00a0 \u00a0 \u00a0 \u00a0<\/p><p>\u00a0 \u00a0 7. The request to unsubscribe is processed in a maximum of 48 hours.<\/p><p>\u00a0<\/p><p><strong>2. Purpose of collection, processing and storage of information provided by website users<\/strong>\u00a0 \u00a0 \u00a0 \u00a0 \u00a0<\/p><p>\u00a0 \u00a0 \u00a01. The processing of the User's personal data is carried out in accordance with Romanian legislation. Dental Clinic Lab processes the User's personal data to:<br \/><img decoding=\"async\" class=\"emoji\" role=\"img\" draggable=\"false\" src=\"https:\/\/s.w.org\/images\/core\/emoji\/14.0.0\/svg\/25aa.svg\" alt=\"\u25aa\" \/> identification of the party within the agreements and contracts concluded with Dental Clinic Lab;<br \/><img decoding=\"async\" class=\"emoji\" role=\"img\" draggable=\"false\" src=\"https:\/\/s.w.org\/images\/core\/emoji\/14.0.0\/svg\/25aa.svg\" alt=\"\u25aa\" \/> provision of goods \/ services to the User, access to the Site, Services;<br \/><img decoding=\"async\" class=\"emoji\" role=\"img\" draggable=\"false\" src=\"https:\/\/s.w.org\/images\/core\/emoji\/14.0.0\/svg\/25aa.svg\" alt=\"\u25aa\" \/> communication with the User, sending transaction letters to the User at the time of receiving the request of<br \/><img decoding=\"async\" class=\"emoji\" role=\"img\" draggable=\"false\" src=\"https:\/\/s.w.org\/images\/core\/emoji\/14.0.0\/svg\/25aa.svg\" alt=\"\u25aa\" \/>\u00a0registration on the Website or receiving payment from the User, sending notifications, requests to the User;<br \/><img decoding=\"async\" class=\"emoji\" role=\"img\" draggable=\"false\" src=\"https:\/\/s.w.org\/images\/core\/emoji\/14.0.0\/svg\/25aa.svg\" alt=\"\u25aa\" \/>\u00a0sending advertising and\/or informational messages to the User (SMS messages, e-mail messages, other types of electronic messages);<br \/><img decoding=\"async\" class=\"emoji\" role=\"img\" draggable=\"false\" src=\"https:\/\/s.w.org\/images\/core\/emoji\/14.0.0\/svg\/25aa.svg\" alt=\"\u25aa\" \/>\u00a0the verification, research and analysis of this data, which allows the maintenance and improvement of the services and sections of the website, as well as the development of new services and sections of the website;<br \/><img decoding=\"async\" class=\"emoji\" role=\"img\" draggable=\"false\" src=\"https:\/\/s.w.org\/images\/core\/emoji\/14.0.0\/svg\/25aa.svg\" alt=\"\u25aa\" \/> conducting statistical studies and other studies based on anonymous data.<\/p><p>\u00a0<\/p><p><strong>3. Conditions for processing personal information provided by the User and its transfer to third parties<\/strong>\u00a0 \u00a0 \u00a0 \u00a0 \u00a0 \u00a0 \u00a0 \u00a0<\/p><p>\u00a0 \u00a0 1. Dental Clinic Lab takes all necessary measures to protect the user's personal data from unauthorized access, modification, disclosure or destruction.\u00a0 \u00a0 \u00a0 \u00a0 \u00a0<\/p><p>\u00a0 \u00a0 2. Dental Clinic Lab provides access to the User's personal data only to those employees and Affiliates who need this information to ensure the operation of the Site.\u00a0 \u00a0 \u00a0 \u00a0 \u00a0<\/p><p>\u00a0 \u00a0 \u00a03. Dental Clinic Lab has the right to use the information provided by the User, including personal data, to ensure compliance with the requirements of the legislation in force in Romania (including for the prevention and \/ or prevention of illegal and \/ or illegal actions of the Users). The disclosure of the information provided by the User can only be done in accordance with the current legislation of Romania at the request of the court as well as in other cases provided by the legislation in force.\u00a0 \u00a0 \u00a0 \u00a0 \u00a0<\/p><p>\u00a0 \u00a0 4. Dental Clinic Lab does not verify the veracity of the information provided by the User. The user takes care of updating the previously sent information when such a need arises (change of phone number, change of email)<\/p><p>\u00a0<\/p><p><strong>4. Terms of use of the website, Services<\/strong>\u00a0 \u00a0 \u00a0 \u00a0 \u00a0<\/p><p>\u00a0 \u00a0 \u00a01. The User, when using the Site, confirms that:<br \/><img decoding=\"async\" class=\"emoji\" role=\"img\" draggable=\"false\" src=\"https:\/\/s.w.org\/images\/core\/emoji\/14.0.0\/svg\/25aa.svg\" alt=\"\u25aa\" \/> has all the necessary rights that allow him to register (create an account) and use the Site services;<br \/><img decoding=\"async\" class=\"emoji\" role=\"img\" draggable=\"false\" src=\"https:\/\/s.w.org\/images\/core\/emoji\/14.0.0\/svg\/25aa.svg\" alt=\"\u25aa\" \/> indicates truthful information about it in the mandatory quadrants of the Site, all other information is at the discretion of the User.<br \/><img decoding=\"async\" class=\"emoji\" role=\"img\" draggable=\"false\" src=\"https:\/\/s.w.org\/images\/core\/emoji\/14.0.0\/svg\/25aa.svg\" alt=\"\u25aa\" \/> is familiar with this policy, expresses agreement with it and assumes the rights and obligations specified herein. Familiarization with the terms of this Policy and ticking the link to this Policy is the User's written consent to the collection, storage, processing and transfer to third parties of the personal data provided by the User.\u00a0 \u00a0 \u00a0 \u00a0 \u00a0 \u00a0 \u00a0 \u00a0<\/p><p>\u00a0 \u00a0 2. Dental Clinic Lab does not verify the accuracy of the information received (collected) about the Users, except in cases where such clarification is necessary to fulfill the obligations towards the User.<\/p><p>\u00a0<\/p><p><strong>5. In this policy, \"User's personal information\" means:<\/strong>\u00a0 \u00a0 \u00a0 \u00a0 \u00a0<\/p><p>\u00a0 \u00a0 1. Data provided by the User independently: name, surname, mobile phone number and \/ or email address, date of birth, hometown and about the type of activity.\u00a0 \u00a0 \u00a0 \u00a0 \u00a0<\/p><p>\u00a0 \u00a0 2. Data that is automatically transmitted to the System during its use using the software installed on the device<br \/>\u00a0of the user, including IP address, cookie information, information about the user's browser (or other program that allows access to the Services), access time, the address of the requested page.<\/p><p>\u00a0<\/p><p><strong>6. Modification and deletion of personal data<\/strong>\u00a0 \u00a0 \u00a0 \u00a0 \u00a0<\/p><p>\u00a0 \u00a01. The user can at any time change (update, complete) the personal information provided by him, as well as the privacy parameters. Dental Clinic Lab is not responsible for non-receipt of advertisements, goods \/ services, etc.\u00a0 \u00a0 \u00a0 \u00a0 \u00a0<\/p><p>\u00a0 \u00a02. The user can also delete the personal information provided to them in a particular account. In this case, deleting an account may result in the inability to use certain Services.<\/p><p>\u00a0<\/p><p><strong>7. Modification of Privacy Policy.<\/strong> Dental Clinic Lab has the right to make changes to this privacy policy. When changes are made to the current edition, the date of the last update is indicated. The new version of the policy takes effect from the moment of its publication. The current policy is always on the site.<\/p><p><strong>8. Feedback. Questions and suggestions. <\/strong><span style=\"word-spacing: var( --e-global-typography-text-word-spacing );\">Any suggestions or questions about this policy should be reported to the service of<\/span>\u00a0<span style=\"word-spacing: var( --e-global-typography-text-word-spacing );\">Dental Clinic Lab assistance by e-mail info@dentalcliniclab.ro or by phone at +40758888500 or by letter <\/span><span style=\"word-spacing: var( --e-global-typography-text-word-spacing );\">recommended to the address: Postal code- 800297, Galati. Nae Leonard str., no. 21, bl R1, ground floor.<\/span><\/p>\t\t\t\t\t\t\t\t<\/div>\n\t\t\t\t<\/div>\n\t\t\t\t\t<\/div>\n\t\t<\/div>\n\t\t\t\t\t<\/div>\n\t\t<\/section>\n\t\t\t\t<\/div>","protected":false},"excerpt":{"rendered":"<p>POLITICA DE CONFIDEN\u021aIALITATE \u00ceN PRIVIN\u021aA PRELUCR\u0102RII DATELOR CU CARACTER PERSONAL 1. Condi\u021bii generale \u00a0 \u00a0 \u00a01. Aceast\u0103 Politic\u0103 stabile\u0219te procedura de procesare \u0219i protec\u021bie a Companiei: Dental Clinic &amp; Laboratory SRL (denumit\u0103 \u00een continuare \u2013 Dental Clinic Lab) a informa\u021biilor despre persoana fizic\u0103 (denumit\u0103 \u00een continuare \u201eUtilizator\u201d) care pot fi ob\u021binute de Dental Clinic Lab [&hellip;]<\/p>","protected":false},"author":1,"featured_media":0,"parent":0,"menu_order":0,"comment_status":"closed","ping_status":"open","template":"elementor_header_footer","meta":{"footnotes":""},"class_list":["post-3","page","type-page","status-publish","hentry"],"yoast_head":"<!-- This site is optimized with the Yoast SEO Premium plugin v20.13 (Yoast SEO v24.2) - https:\/\/yoast.com\/wordpress\/plugins\/seo\/ -->\n<title>POLITICA DE CONFIDEN\u021aIALITATE \u00ceN PRIVIN\u021aA PRELUCR\u0102RII DATELOR CU CARACTER PERSONAL - Dental Clinic<\/title>\n<meta name=\"description\" content=\"1. Condi\u021bii generale 2. Scopul de colectare, procesare \u0219i stocare a informa\u021biilor furnizate de utilizatorii site-ului &amp; etc...\" \/>\n<meta name=\"robots\" content=\"index, follow, max-snippet:-1, max-image-preview:large, max-video-preview:-1\" \/>\n<link rel=\"canonical\" href=\"https:\/\/dentalcliniclab.ro\/en\/privacy-policy\/\" \/>\n<meta property=\"og:locale\" content=\"en_GB\" \/>\n<meta property=\"og:type\" content=\"article\" \/>\n<meta property=\"og:title\" content=\"POLITICA DE CONFIDEN\u021aIALITATE \u00ceN PRIVIN\u021aA PRELUCR\u0102RII DATELOR CU CARACTER PERSONAL\" \/>\n<meta property=\"og:description\" content=\"1. Condi\u021bii generale 2. Scopul de colectare, procesare \u0219i stocare a informa\u021biilor furnizate de utilizatorii site-ului &amp; etc...\" \/>\n<meta property=\"og:url\" content=\"https:\/\/dentalcliniclab.ro\/en\/privacy-policy\/\" \/>\n<meta property=\"og:site_name\" content=\"Dental Clinic\" \/>\n<meta property=\"article:publisher\" content=\"https:\/\/www.facebook.com\/dentalcliniclab.ro\" \/>\n<meta property=\"article:modified_time\" content=\"2023-09-04T08:22:09+00:00\" \/>\n<meta property=\"og:image\" content=\"https:\/\/s.w.org\/images\/core\/emoji\/14.0.0\/svg\/25aa.svg\" \/>\n<meta name=\"twitter:card\" content=\"summary_large_image\" \/>\n<meta name=\"twitter:label1\" content=\"Estimated reading time\" \/>\n\t<meta name=\"twitter:data1\" content=\"9 minutes\" \/>\n<script type=\"application\/ld+json\" class=\"yoast-schema-graph\">{\"@context\":\"https:\/\/schema.org\",\"@graph\":[{\"@type\":\"NewsArticle\",\"@id\":\"https:\/\/dentalcliniclab.ro\/privacy-policy\/#article\",\"isPartOf\":{\"@id\":\"https:\/\/dentalcliniclab.ro\/privacy-policy\/\"},\"author\":{\"name\":\"admin\",\"@id\":\"https:\/\/dentalcliniclab.ro\/#\/schema\/person\/0d62ad0907861a68edce21989b776d0a\"},\"headline\":\"POLITICA DE CONFIDEN\u021aIALITATE \u00ceN PRIVIN\u021aA PRELUCR\u0102RII DATELOR CU CARACTER PERSONAL\",\"datePublished\":\"2023-08-07T12:41:01+00:00\",\"dateModified\":\"2023-09-04T08:22:09+00:00\",\"mainEntityOfPage\":{\"@id\":\"https:\/\/dentalcliniclab.ro\/privacy-policy\/\"},\"wordCount\":1132,\"publisher\":{\"@id\":\"https:\/\/dentalcliniclab.ro\/#organization\"},\"image\":{\"@id\":\"https:\/\/dentalcliniclab.ro\/privacy-policy\/#primaryimage\"},\"thumbnailUrl\":\"https:\/\/s.w.org\/images\/core\/emoji\/14.0.0\/svg\/25aa.svg\",\"inLanguage\":\"en-GB\"},{\"@type\":\"WebPage\",\"@id\":\"https:\/\/dentalcliniclab.ro\/privacy-policy\/\",\"url\":\"https:\/\/dentalcliniclab.ro\/privacy-policy\/\",\"name\":\"POLITICA DE CONFIDEN\u021aIALITATE \u00ceN PRIVIN\u021aA PRELUCR\u0102RII DATELOR CU CARACTER PERSONAL - Dental Clinic\",\"isPartOf\":{\"@id\":\"https:\/\/dentalcliniclab.ro\/#website\"},\"primaryImageOfPage\":{\"@id\":\"https:\/\/dentalcliniclab.ro\/privacy-policy\/#primaryimage\"},\"image\":{\"@id\":\"https:\/\/dentalcliniclab.ro\/privacy-policy\/#primaryimage\"},\"thumbnailUrl\":\"https:\/\/s.w.org\/images\/core\/emoji\/14.0.0\/svg\/25aa.svg\",\"datePublished\":\"2023-08-07T12:41:01+00:00\",\"dateModified\":\"2023-09-04T08:22:09+00:00\",\"description\":\"1. Condi\u021bii generale 2. Scopul de colectare, procesare \u0219i stocare a informa\u021biilor furnizate de utilizatorii site-ului & etc...\",\"breadcrumb\":{\"@id\":\"https:\/\/dentalcliniclab.ro\/privacy-policy\/#breadcrumb\"},\"inLanguage\":\"en-GB\",\"potentialAction\":[{\"@type\":\"ReadAction\",\"target\":[\"https:\/\/dentalcliniclab.ro\/privacy-policy\/\"]}]},{\"@type\":\"ImageObject\",\"inLanguage\":\"en-GB\",\"@id\":\"https:\/\/dentalcliniclab.ro\/privacy-policy\/#primaryimage\",\"url\":\"https:\/\/s.w.org\/images\/core\/emoji\/14.0.0\/svg\/25aa.svg\",\"contentUrl\":\"https:\/\/s.w.org\/images\/core\/emoji\/14.0.0\/svg\/25aa.svg\"},{\"@type\":\"BreadcrumbList\",\"@id\":\"https:\/\/dentalcliniclab.ro\/privacy-policy\/#breadcrumb\",\"itemListElement\":[{\"@type\":\"ListItem\",\"position\":1,\"name\":\"Pagina principala\",\"item\":\"https:\/\/dentalcliniclab.ro\/\"},{\"@type\":\"ListItem\",\"position\":2,\"name\":\"POLITICA DE CONFIDEN\u021aIALITATE \u00ceN PRIVIN\u021aA PRELUCR\u0102RII DATELOR CU CARACTER PERSONAL\"}]},{\"@type\":\"WebSite\",\"@id\":\"https:\/\/dentalcliniclab.ro\/#website\",\"url\":\"https:\/\/dentalcliniclab.ro\/\",\"name\":\"Dental Clinic\",\"description\":\"Stomatologie\",\"publisher\":{\"@id\":\"https:\/\/dentalcliniclab.ro\/#organization\"},\"potentialAction\":[{\"@type\":\"SearchAction\",\"target\":{\"@type\":\"EntryPoint\",\"urlTemplate\":\"https:\/\/dentalcliniclab.ro\/?s={search_term_string}\"},\"query-input\":{\"@type\":\"PropertyValueSpecification\",\"valueRequired\":true,\"valueName\":\"search_term_string\"}}],\"inLanguage\":\"en-GB\"},{\"@type\":\"Organization\",\"@id\":\"https:\/\/dentalcliniclab.ro\/#organization\",\"name\":\"Dental Clinic\",\"url\":\"https:\/\/dentalcliniclab.ro\/\",\"logo\":{\"@type\":\"ImageObject\",\"inLanguage\":\"en-GB\",\"@id\":\"https:\/\/dentalcliniclab.ro\/#\/schema\/logo\/image\/\",\"url\":\"https:\/\/dentalcliniclab.ro\/wp-content\/uploads\/2023\/08\/Layer_1-10.svg\",\"contentUrl\":\"https:\/\/dentalcliniclab.ro\/wp-content\/uploads\/2023\/08\/Layer_1-10.svg\",\"width\":147,\"height\":38,\"caption\":\"Dental Clinic\"},\"image\":{\"@id\":\"https:\/\/dentalcliniclab.ro\/#\/schema\/logo\/image\/\"},\"sameAs\":[\"https:\/\/www.facebook.com\/dentalcliniclab.ro\",\"https:\/\/www.instagram.com\/dental.clinic.lab\/\"]},{\"@type\":\"Person\",\"@id\":\"https:\/\/dentalcliniclab.ro\/#\/schema\/person\/0d62ad0907861a68edce21989b776d0a\",\"name\":\"admin\",\"image\":{\"@type\":\"ImageObject\",\"inLanguage\":\"en-GB\",\"@id\":\"https:\/\/dentalcliniclab.ro\/#\/schema\/person\/image\/\",\"url\":\"https:\/\/secure.gravatar.com\/avatar\/100057b44ee64e8df8025c88daedcf60?s=96&d=mm&r=g\",\"contentUrl\":\"https:\/\/secure.gravatar.com\/avatar\/100057b44ee64e8df8025c88daedcf60?s=96&d=mm&r=g\",\"caption\":\"admin\"},\"sameAs\":[\"https:\/\/dentalcliniclab.ro\"],\"url\":\"https:\/\/dentalcliniclab.ro\/en\/author\/admin\/\"}]}<\/script>\n<!-- \/ Yoast SEO Premium plugin. -->","yoast_head_json":{"title":"POLITICA DE CONFIDEN\u021aIALITATE \u00ceN PRIVIN\u021aA PRELUCR\u0102RII DATELOR CU CARACTER PERSONAL - Dental Clinic","description":"1. Condi\u021bii generale 2. Scopul de colectare, procesare \u0219i stocare a informa\u021biilor furnizate de utilizatorii site-ului & etc...","robots":{"index":"index","follow":"follow","max-snippet":"max-snippet:-1","max-image-preview":"max-image-preview:large","max-video-preview":"max-video-preview:-1"},"canonical":"https:\/\/dentalcliniclab.ro\/en\/privacy-policy\/","og_locale":"en_GB","og_type":"article","og_title":"POLITICA DE CONFIDEN\u021aIALITATE \u00ceN PRIVIN\u021aA PRELUCR\u0102RII DATELOR CU CARACTER PERSONAL","og_description":"1. Condi\u021bii generale 2. Scopul de colectare, procesare \u0219i stocare a informa\u021biilor furnizate de utilizatorii site-ului & etc...","og_url":"https:\/\/dentalcliniclab.ro\/en\/privacy-policy\/","og_site_name":"Dental Clinic","article_publisher":"https:\/\/www.facebook.com\/dentalcliniclab.ro","article_modified_time":"2023-09-04T08:22:09+00:00","og_image":[{"url":"https:\/\/s.w.org\/images\/core\/emoji\/14.0.0\/svg\/25aa.svg","type":"","width":"","height":""}],"twitter_card":"summary_large_image","twitter_misc":{"Estimated reading time":"9 minutes"},"schema":{"@context":"https:\/\/schema.org","@graph":[{"@type":"NewsArticle","@id":"https:\/\/dentalcliniclab.ro\/privacy-policy\/#article","isPartOf":{"@id":"https:\/\/dentalcliniclab.ro\/privacy-policy\/"},"author":{"name":"admin","@id":"https:\/\/dentalcliniclab.ro\/#\/schema\/person\/0d62ad0907861a68edce21989b776d0a"},"headline":"POLITICA DE CONFIDEN\u021aIALITATE \u00ceN PRIVIN\u021aA PRELUCR\u0102RII DATELOR CU CARACTER PERSONAL","datePublished":"2023-08-07T12:41:01+00:00","dateModified":"2023-09-04T08:22:09+00:00","mainEntityOfPage":{"@id":"https:\/\/dentalcliniclab.ro\/privacy-policy\/"},"wordCount":1132,"publisher":{"@id":"https:\/\/dentalcliniclab.ro\/#organization"},"image":{"@id":"https:\/\/dentalcliniclab.ro\/privacy-policy\/#primaryimage"},"thumbnailUrl":"https:\/\/s.w.org\/images\/core\/emoji\/14.0.0\/svg\/25aa.svg","inLanguage":"en-GB"},{"@type":"WebPage","@id":"https:\/\/dentalcliniclab.ro\/privacy-policy\/","url":"https:\/\/dentalcliniclab.ro\/privacy-policy\/","name":"POLITICA DE CONFIDEN\u021aIALITATE \u00ceN PRIVIN\u021aA PRELUCR\u0102RII DATELOR CU CARACTER PERSONAL - Dental Clinic","isPartOf":{"@id":"https:\/\/dentalcliniclab.ro\/#website"},"primaryImageOfPage":{"@id":"https:\/\/dentalcliniclab.ro\/privacy-policy\/#primaryimage"},"image":{"@id":"https:\/\/dentalcliniclab.ro\/privacy-policy\/#primaryimage"},"thumbnailUrl":"https:\/\/s.w.org\/images\/core\/emoji\/14.0.0\/svg\/25aa.svg","datePublished":"2023-08-07T12:41:01+00:00","dateModified":"2023-09-04T08:22:09+00:00","description":"1. Condi\u021bii generale 2. Scopul de colectare, procesare \u0219i stocare a informa\u021biilor furnizate de utilizatorii site-ului & etc...","breadcrumb":{"@id":"https:\/\/dentalcliniclab.ro\/privacy-policy\/#breadcrumb"},"inLanguage":"en-GB","potentialAction":[{"@type":"ReadAction","target":["https:\/\/dentalcliniclab.ro\/privacy-policy\/"]}]},{"@type":"ImageObject","inLanguage":"en-GB","@id":"https:\/\/dentalcliniclab.ro\/privacy-policy\/#primaryimage","url":"https:\/\/s.w.org\/images\/core\/emoji\/14.0.0\/svg\/25aa.svg","contentUrl":"https:\/\/s.w.org\/images\/core\/emoji\/14.0.0\/svg\/25aa.svg"},{"@type":"BreadcrumbList","@id":"https:\/\/dentalcliniclab.ro\/privacy-policy\/#breadcrumb","itemListElement":[{"@type":"ListItem","position":1,"name":"Pagina principala","item":"https:\/\/dentalcliniclab.ro\/"},{"@type":"ListItem","position":2,"name":"POLITICA DE CONFIDEN\u021aIALITATE \u00ceN PRIVIN\u021aA PRELUCR\u0102RII DATELOR CU CARACTER PERSONAL"}]},{"@type":"WebSite","@id":"https:\/\/dentalcliniclab.ro\/#website","url":"https:\/\/dentalcliniclab.ro\/","name":"Dental Clinic","description":"Stomatologie","publisher":{"@id":"https:\/\/dentalcliniclab.ro\/#organization"},"potentialAction":[{"@type":"SearchAction","target":{"@type":"EntryPoint","urlTemplate":"https:\/\/dentalcliniclab.ro\/?s={search_term_string}"},"query-input":{"@type":"PropertyValueSpecification","valueRequired":true,"valueName":"search_term_string"}}],"inLanguage":"en-GB"},{"@type":"Organization","@id":"https:\/\/dentalcliniclab.ro\/#organization","name":"Dental Clinic","url":"https:\/\/dentalcliniclab.ro\/","logo":{"@type":"ImageObject","inLanguage":"en-GB","@id":"https:\/\/dentalcliniclab.ro\/#\/schema\/logo\/image\/","url":"https:\/\/dentalcliniclab.ro\/wp-content\/uploads\/2023\/08\/Layer_1-10.svg","contentUrl":"https:\/\/dentalcliniclab.ro\/wp-content\/uploads\/2023\/08\/Layer_1-10.svg","width":147,"height":38,"caption":"Dental Clinic"},"image":{"@id":"https:\/\/dentalcliniclab.ro\/#\/schema\/logo\/image\/"},"sameAs":["https:\/\/www.facebook.com\/dentalcliniclab.ro","https:\/\/www.instagram.com\/dental.clinic.lab\/"]},{"@type":"Person","@id":"https:\/\/dentalcliniclab.ro\/#\/schema\/person\/0d62ad0907861a68edce21989b776d0a","name":"admin","image":{"@type":"ImageObject","inLanguage":"en-GB","@id":"https:\/\/dentalcliniclab.ro\/#\/schema\/person\/image\/","url":"https:\/\/secure.gravatar.com\/avatar\/100057b44ee64e8df8025c88daedcf60?s=96&d=mm&r=g","contentUrl":"https:\/\/secure.gravatar.com\/avatar\/100057b44ee64e8df8025c88daedcf60?s=96&d=mm&r=g","caption":"admin"},"sameAs":["https:\/\/dentalcliniclab.ro"],"url":"https:\/\/dentalcliniclab.ro\/en\/author\/admin\/"}]}},"_links":{"self":[{"href":"https:\/\/dentalcliniclab.ro\/en\/wp-json\/wp\/v2\/pages\/3","targetHints":{"allow":["GET"]}}],"collection":[{"href":"https:\/\/dentalcliniclab.ro\/en\/wp-json\/wp\/v2\/pages"}],"about":[{"href":"https:\/\/dentalcliniclab.ro\/en\/wp-json\/wp\/v2\/types\/page"}],"author":[{"embeddable":true,"href":"https:\/\/dentalcliniclab.ro\/en\/wp-json\/wp\/v2\/users\/1"}],"replies":[{"embeddable":true,"href":"https:\/\/dentalcliniclab.ro\/en\/wp-json\/wp\/v2\/comments?post=3"}],"version-history":[{"count":0,"href":"https:\/\/dentalcliniclab.ro\/en\/wp-json\/wp\/v2\/pages\/3\/revisions"}],"wp:attachment":[{"href":"https:\/\/dentalcliniclab.ro\/en\/wp-json\/wp\/v2\/media?parent=3"}],"curies":[{"name":"wp","href":"https:\/\/api.w.org\/{rel}","templated":true}]}}